{"id":254,"date":"2021-06-20T09:12:34","date_gmt":"2021-06-20T09:12:34","guid":{"rendered":"https:\/\/meat.mipo.co.il\/?page_id=254"},"modified":"2025-02-04T10:39:04","modified_gmt":"2025-02-04T10:39:04","slug":"company","status":"publish","type":"page","link":"https:\/\/www.redefinemeat.com\/de\/company\/","title":{"rendered":"\u00dcber uns"},"content":{"rendered":"","protected":false},"excerpt":{"rendered":"","protected":false},"author":1,"featured_media":0,"parent":0,"menu_order":0,"comment_status":"closed","ping_status":"closed","template":"templates\/company.php","meta":{"_acf_changed":false,"inline_featured_image":false,"footnotes":""},"class_list":["post-254","page","type-page","status-publish","hentry"],"acf":[],"yoast_head":"<!-- This site is optimized with the Yoast SEO plugin v27.2 - https:\/\/yoast.com\/product\/yoast-seo-wordpress\/ -->\n<title>\u00dcber uns | Redefine Meat<\/title>\n<meta name=\"description\" content=\"Redefine Meat hat sich zum Ziel gesetzt, das gr\u00f6\u00dfte Fleischunternehmen der Welt zu werden, indem es sich Technologie statt Tiere zunutze macht.\" \/>\n<meta name=\"robots\" content=\"index, follow, max-snippet:-1, max-image-preview:large, max-video-preview:-1\" \/>\n<link rel=\"canonical\" href=\"https:\/\/www.redefinemeat.com\/de\/company\/\" \/>\n<meta property=\"og:locale\" content=\"de_DE\" \/>\n<meta property=\"og:type\" content=\"article\" \/>\n<meta property=\"og:title\" content=\"\u00dcber uns | Redefine Meat\" \/>\n<meta property=\"og:description\" content=\"Redefine Meat hat sich zum Ziel gesetzt, das gr\u00f6\u00dfte Fleischunternehmen der Welt zu werden, indem es sich Technologie statt Tiere zunutze macht.\" \/>\n<meta property=\"og:url\" content=\"https:\/\/www.redefinemeat.com\/de\/company\/\" \/>\n<meta property=\"og:site_name\" content=\"Redefine Meat\" \/>\n<meta property=\"article:modified_time\" content=\"2025-02-04T10:39:04+00:00\" \/>\n<meta name=\"twitter:card\" content=\"summary_large_image\" \/>\n<script type=\"application\/ld+json\" class=\"yoast-schema-graph\">{\"@context\":\"https:\/\/schema.org\",\"@graph\":[{\"@type\":\"WebPage\",\"@id\":\"https:\/\/www.redefinemeat.com\/de\/company\/\",\"url\":\"https:\/\/www.redefinemeat.com\/de\/company\/\",\"name\":\"\u00dcber uns | Redefine Meat\",\"isPartOf\":{\"@id\":\"https:\/\/www.redefinemeat.com\/de\/#website\"},\"datePublished\":\"2021-06-20T09:12:34+00:00\",\"dateModified\":\"2025-02-04T10:39:04+00:00\",\"description\":\"Redefine Meat hat sich zum Ziel gesetzt, das gr\u00f6\u00dfte Fleischunternehmen der Welt zu werden, indem es sich Technologie statt Tiere zunutze macht.\",\"breadcrumb\":{\"@id\":\"https:\/\/www.redefinemeat.com\/de\/company\/#breadcrumb\"},\"inLanguage\":\"de\",\"potentialAction\":[{\"@type\":\"ReadAction\",\"target\":[\"https:\/\/www.redefinemeat.com\/de\/company\/\"]}]},{\"@type\":\"BreadcrumbList\",\"@id\":\"https:\/\/www.redefinemeat.com\/de\/company\/#breadcrumb\",\"itemListElement\":[{\"@type\":\"ListItem\",\"position\":1,\"name\":\"Startseite\",\"item\":\"https:\/\/www.redefinemeat.com\/de\/\"},{\"@type\":\"ListItem\",\"position\":2,\"name\":\"\u00dcber uns\"}]},{\"@type\":\"WebSite\",\"@id\":\"https:\/\/www.redefinemeat.com\/de\/#website\",\"url\":\"https:\/\/www.redefinemeat.com\/de\/\",\"name\":\"Redefine Meat\",\"description\":\"GREAT MEAT WITHOUT COMPROMISE\",\"potentialAction\":[{\"@type\":\"SearchAction\",\"target\":{\"@type\":\"EntryPoint\",\"urlTemplate\":\"https:\/\/www.redefinemeat.com\/de\/?s={search_term_string}\"},\"query-input\":{\"@type\":\"PropertyValueSpecification\",\"valueRequired\":true,\"valueName\":\"search_term_string\"}}],\"inLanguage\":\"de\"}]}<\/script>\n<!-- \/ Yoast SEO plugin. -->","yoast_head_json":{"title":"\u00dcber uns | Redefine Meat","description":"Redefine Meat hat sich zum Ziel gesetzt, das gr\u00f6\u00dfte Fleischunternehmen der Welt zu werden, indem es sich Technologie statt Tiere zunutze macht.","robots":{"index":"index","follow":"follow","max-snippet":"max-snippet:-1","max-image-preview":"max-image-preview:large","max-video-preview":"max-video-preview:-1"},"canonical":"https:\/\/www.redefinemeat.com\/de\/company\/","og_locale":"de_DE","og_type":"article","og_title":"\u00dcber uns | Redefine Meat","og_description":"Redefine Meat hat sich zum Ziel gesetzt, das gr\u00f6\u00dfte Fleischunternehmen der Welt zu werden, indem es sich Technologie statt Tiere zunutze macht.","og_url":"https:\/\/www.redefinemeat.com\/de\/company\/","og_site_name":"Redefine Meat","article_modified_time":"2025-02-04T10:39:04+00:00","twitter_card":"summary_large_image","schema":{"@context":"https:\/\/schema.org","@graph":[{"@type":"WebPage","@id":"https:\/\/www.redefinemeat.com\/de\/company\/","url":"https:\/\/www.redefinemeat.com\/de\/company\/","name":"\u00dcber uns | Redefine Meat","isPartOf":{"@id":"https:\/\/www.redefinemeat.com\/de\/#website"},"datePublished":"2021-06-20T09:12:34+00:00","dateModified":"2025-02-04T10:39:04+00:00","description":"Redefine Meat hat sich zum Ziel gesetzt, das gr\u00f6\u00dfte Fleischunternehmen der Welt zu werden, indem es sich Technologie statt Tiere zunutze macht.","breadcrumb":{"@id":"https:\/\/www.redefinemeat.com\/de\/company\/#breadcrumb"},"inLanguage":"de","potentialAction":[{"@type":"ReadAction","target":["https:\/\/www.redefinemeat.com\/de\/company\/"]}]},{"@type":"BreadcrumbList","@id":"https:\/\/www.redefinemeat.com\/de\/company\/#breadcrumb","itemListElement":[{"@type":"ListItem","position":1,"name":"Startseite","item":"https:\/\/www.redefinemeat.com\/de\/"},{"@type":"ListItem","position":2,"name":"\u00dcber uns"}]},{"@type":"WebSite","@id":"https:\/\/www.redefinemeat.com\/de\/#website","url":"https:\/\/www.redefinemeat.com\/de\/","name":"Redefine Meat","description":"GREAT MEAT WITHOUT COMPROMISE","potentialAction":[{"@type":"SearchAction","target":{"@type":"EntryPoint","urlTemplate":"https:\/\/www.redefinemeat.com\/de\/?s={search_term_string}"},"query-input":{"@type":"PropertyValueSpecification","valueRequired":true,"valueName":"search_term_string"}}],"inLanguage":"de"}]}},"_links":{"self":[{"href":"https:\/\/www.redefinemeat.com\/de\/wp-json\/wp\/v2\/pages\/254","targetHints":{"allow":["GET"]}}],"collection":[{"href":"https:\/\/www.redefinemeat.com\/de\/wp-json\/wp\/v2\/pages"}],"about":[{"href":"https:\/\/www.redefinemeat.com\/de\/wp-json\/wp\/v2\/types\/page"}],"author":[{"embeddable":true,"href":"https:\/\/www.redefinemeat.com\/de\/wp-json\/wp\/v2\/users\/1"}],"replies":[{"embeddable":true,"href":"https:\/\/www.redefinemeat.com\/de\/wp-json\/wp\/v2\/comments?post=254"}],"version-history":[{"count":1,"href":"https:\/\/www.redefinemeat.com\/de\/wp-json\/wp\/v2\/pages\/254\/revisions"}],"predecessor-version":[{"id":7638,"href":"https:\/\/www.redefinemeat.com\/de\/wp-json\/wp\/v2\/pages\/254\/revisions\/7638"}],"wp:attachment":[{"href":"https:\/\/www.redefinemeat.com\/de\/wp-json\/wp\/v2\/media?parent=254"}],"curies":[{"name":"wp","href":"https:\/\/api.w.org\/{rel}","templated":true}]}}