{"id":10222,"date":"2021-06-14T07:42:22","date_gmt":"2021-06-14T07:42:22","guid":{"rendered":"http:\/\/meat.mipo.co.il\/index.php\/home\/"},"modified":"2026-03-17T11:00:39","modified_gmt":"2026-03-17T11:00:39","slug":"home","status":"publish","type":"page","link":"https:\/\/www.redefinemeat.com\/fr\/","title":{"rendered":"Accueil"},"content":{"rendered":"","protected":false},"excerpt":{"rendered":"","protected":false},"author":1,"featured_media":0,"parent":0,"menu_order":-1,"comment_status":"closed","ping_status":"closed","template":"front-page.php","meta":{"_acf_changed":false,"inline_featured_image":false,"footnotes":""},"class_list":["post-10222","page","type-page","status-publish","hentry"],"acf":[],"yoast_head":"<!-- This site is optimized with the Yoast SEO plugin v27.2 - https:\/\/yoast.com\/product\/yoast-seo-wordpress\/ -->\n<title>Redefine Meat \u2013 La nouvelle-viande, sans compromis<\/title>\n<meta name=\"description\" content=\"Cr\u00e9er un monde o\u00f9 chacun peut profiter de la nouvelle viande exceptionnelle, sans compromis sur le go\u00fbt, la durabilit\u00e9 ou l&#039;exp\u00e9rience.\" \/>\n<meta name=\"robots\" content=\"index, follow, max-snippet:-1, max-image-preview:large, max-video-preview:-1\" \/>\n<link rel=\"canonical\" href=\"https:\/\/www.redefinemeat.com\/fr\/\" \/>\n<meta property=\"og:locale\" content=\"fr_FR\" \/>\n<meta property=\"og:type\" content=\"article\" \/>\n<meta property=\"og:title\" content=\"Redefine Meat \u2013 La nouvelle-viande, sans compromis\" \/>\n<meta property=\"og:description\" content=\"Cr\u00e9er un monde o\u00f9 chacun peut profiter de la nouvelle viande exceptionnelle, sans compromis sur le go\u00fbt, la durabilit\u00e9 ou l&#039;exp\u00e9rience.\" \/>\n<meta property=\"og:url\" content=\"https:\/\/www.redefinemeat.com\/fr\/\" \/>\n<meta property=\"og:site_name\" content=\"Redefine Meat\" \/>\n<meta property=\"article:modified_time\" content=\"2026-03-17T11:00:39+00:00\" \/>\n<meta name=\"twitter:card\" content=\"summary_large_image\" \/>\n<script type=\"application\/ld+json\" class=\"yoast-schema-graph\">{\"@context\":\"https:\/\/schema.org\",\"@graph\":[{\"@type\":\"WebPage\",\"@id\":\"https:\/\/www.redefinemeat.com\/fr\/\",\"url\":\"https:\/\/www.redefinemeat.com\/fr\/\",\"name\":\"Redefine Meat \u2013 La nouvelle-viande, sans compromis\",\"isPartOf\":{\"@id\":\"https:\/\/www.redefinemeat.com\/fr\/#website\"},\"datePublished\":\"2021-06-14T07:42:22+00:00\",\"dateModified\":\"2026-03-17T11:00:39+00:00\",\"description\":\"Cr\u00e9er un monde o\u00f9 chacun peut profiter de la nouvelle viande exceptionnelle, sans compromis sur le go\u00fbt, la durabilit\u00e9 ou l'exp\u00e9rience.\",\"breadcrumb\":{\"@id\":\"https:\/\/www.redefinemeat.com\/fr\/#breadcrumb\"},\"inLanguage\":\"fr-FR\",\"potentialAction\":[{\"@type\":\"ReadAction\",\"target\":[\"https:\/\/www.redefinemeat.com\/fr\/\"]}]},{\"@type\":\"BreadcrumbList\",\"@id\":\"https:\/\/www.redefinemeat.com\/fr\/#breadcrumb\",\"itemListElement\":[{\"@type\":\"ListItem\",\"position\":1,\"name\":\"Accueil\",\"item\":\"https:\/\/www.redefinemeat.com\/fr\/\"},{\"@type\":\"ListItem\",\"position\":2,\"name\":\"Accueil\"}]},{\"@type\":\"WebSite\",\"@id\":\"https:\/\/www.redefinemeat.com\/fr\/#website\",\"url\":\"https:\/\/www.redefinemeat.com\/fr\/\",\"name\":\"Redefine Meat\",\"description\":\"GREAT MEAT WITHOUT COMPROMISE\",\"potentialAction\":[{\"@type\":\"SearchAction\",\"target\":{\"@type\":\"EntryPoint\",\"urlTemplate\":\"https:\/\/www.redefinemeat.com\/fr\/?s={search_term_string}\"},\"query-input\":{\"@type\":\"PropertyValueSpecification\",\"valueRequired\":true,\"valueName\":\"search_term_string\"}}],\"inLanguage\":\"fr-FR\"}]}<\/script>\n<!-- \/ Yoast SEO plugin. -->","yoast_head_json":{"title":"Redefine Meat \u2013 La nouvelle-viande, sans compromis","description":"Cr\u00e9er un monde o\u00f9 chacun peut profiter de la nouvelle viande exceptionnelle, sans compromis sur le go\u00fbt, la durabilit\u00e9 ou l'exp\u00e9rience.","robots":{"index":"index","follow":"follow","max-snippet":"max-snippet:-1","max-image-preview":"max-image-preview:large","max-video-preview":"max-video-preview:-1"},"canonical":"https:\/\/www.redefinemeat.com\/fr\/","og_locale":"fr_FR","og_type":"article","og_title":"Redefine Meat \u2013 La nouvelle-viande, sans compromis","og_description":"Cr\u00e9er un monde o\u00f9 chacun peut profiter de la nouvelle viande exceptionnelle, sans compromis sur le go\u00fbt, la durabilit\u00e9 ou l'exp\u00e9rience.","og_url":"https:\/\/www.redefinemeat.com\/fr\/","og_site_name":"Redefine Meat","article_modified_time":"2026-03-17T11:00:39+00:00","twitter_card":"summary_large_image","schema":{"@context":"https:\/\/schema.org","@graph":[{"@type":"WebPage","@id":"https:\/\/www.redefinemeat.com\/fr\/","url":"https:\/\/www.redefinemeat.com\/fr\/","name":"Redefine Meat \u2013 La nouvelle-viande, sans compromis","isPartOf":{"@id":"https:\/\/www.redefinemeat.com\/fr\/#website"},"datePublished":"2021-06-14T07:42:22+00:00","dateModified":"2026-03-17T11:00:39+00:00","description":"Cr\u00e9er un monde o\u00f9 chacun peut profiter de la nouvelle viande exceptionnelle, sans compromis sur le go\u00fbt, la durabilit\u00e9 ou l'exp\u00e9rience.","breadcrumb":{"@id":"https:\/\/www.redefinemeat.com\/fr\/#breadcrumb"},"inLanguage":"fr-FR","potentialAction":[{"@type":"ReadAction","target":["https:\/\/www.redefinemeat.com\/fr\/"]}]},{"@type":"BreadcrumbList","@id":"https:\/\/www.redefinemeat.com\/fr\/#breadcrumb","itemListElement":[{"@type":"ListItem","position":1,"name":"Accueil","item":"https:\/\/www.redefinemeat.com\/fr\/"},{"@type":"ListItem","position":2,"name":"Accueil"}]},{"@type":"WebSite","@id":"https:\/\/www.redefinemeat.com\/fr\/#website","url":"https:\/\/www.redefinemeat.com\/fr\/","name":"Redefine Meat","description":"GREAT MEAT WITHOUT COMPROMISE","potentialAction":[{"@type":"SearchAction","target":{"@type":"EntryPoint","urlTemplate":"https:\/\/www.redefinemeat.com\/fr\/?s={search_term_string}"},"query-input":{"@type":"PropertyValueSpecification","valueRequired":true,"valueName":"search_term_string"}}],"inLanguage":"fr-FR"}]}},"_links":{"self":[{"href":"https:\/\/www.redefinemeat.com\/fr\/wp-json\/wp\/v2\/pages\/10222","targetHints":{"allow":["GET"]}}],"collection":[{"href":"https:\/\/www.redefinemeat.com\/fr\/wp-json\/wp\/v2\/pages"}],"about":[{"href":"https:\/\/www.redefinemeat.com\/fr\/wp-json\/wp\/v2\/types\/page"}],"author":[{"embeddable":true,"href":"https:\/\/www.redefinemeat.com\/fr\/wp-json\/wp\/v2\/users\/1"}],"replies":[{"embeddable":true,"href":"https:\/\/www.redefinemeat.com\/fr\/wp-json\/wp\/v2\/comments?post=10222"}],"version-history":[{"count":9,"href":"https:\/\/www.redefinemeat.com\/fr\/wp-json\/wp\/v2\/pages\/10222\/revisions"}],"predecessor-version":[{"id":11378,"href":"https:\/\/www.redefinemeat.com\/fr\/wp-json\/wp\/v2\/pages\/10222\/revisions\/11378"}],"wp:attachment":[{"href":"https:\/\/www.redefinemeat.com\/fr\/wp-json\/wp\/v2\/media?parent=10222"}],"curies":[{"name":"wp","href":"https:\/\/api.w.org\/{rel}","templated":true}]}}